{"id":1062,"date":"2025-03-07T14:58:06","date_gmt":"2025-03-07T13:58:06","guid":{"rendered":"https:\/\/www.addprofile.se\/kffs\/?page_id=1062"},"modified":"2025-03-07T15:19:08","modified_gmt":"2025-03-07T14:19:08","slug":"betalning","status":"publish","type":"page","link":"https:\/\/www.addprofile.se\/kffs\/betalning\/","title":{"rendered":"Betalning"},"content":{"rendered":"<p>I samarbete med&nbsp;<a href=\"https:\/\/www.klarna.com\/\" target=\"_blank\" rel=\"noreferrer noopener\">Klarna<\/a>&nbsp;Bank AB (publ), Sveav\u00e4gen 46, 111 34 Stockholm, erbjuder vi f\u00f6ljande betalningsalternativ. Betalning ska g\u00f6ras till Klarna:<\/p><div class=\"wp-block-image\"><figure class=\"alignright size-full\"><img loading=\"lazy\" decoding=\"async\" width=\"300\" height=\"174\" src=\"https:\/\/www.addprofile.se\/kffs\/wp-content\/uploads\/sites\/5\/2025\/03\/Klarna.png\" alt=\"\" class=\"wp-image-1063\"\/><\/figure><\/div><p><strong>Betala senare.<\/strong>&nbsp;Handla nu, betala senare. Klarna l\u00e5ter dig betala 14 eller 30 dagar efter leverans eller i tre lika delar \u2013 r\u00e4ntefritt.<\/p><p><strong>Betala nu.<\/strong>&nbsp;Betala med kort direkt i kassan. Inga l\u00e5nga formul\u00e4r, inga l\u00f6senord, inga bekymmer. Vi accepterar betal- och kreditkort fr\u00e5n Visa, MasterCard och American Express.<\/p><p>Mer information och Klarnas anv\u00e4ndarvillkor hittar du&nbsp;<a href=\"https:\/\/cdn.klarna.com\/1.0\/shared\/content\/legal\/terms\/0\/en_gb\/user\" target=\"_blank\" rel=\"noreferrer noopener\">h\u00e4r<\/a>. Allm\u00e4n information om Klarna hittar du&nbsp;<a href=\"https:\/\/www.klarna.com\/\" target=\"_blank\" rel=\"noreferrer noopener\">h\u00e4r<\/a>. Dina personuppgifter hanteras i enlighet med g\u00e4llande dataskyddslagstiftning och i enlighet med informationen i Klarnas&nbsp;<a href=\"https:\/\/cdn.klarna.com\/1.0\/shared\/content\/legal\/terms\/0\/en_gb\/privacy\" target=\"_blank\" rel=\"noreferrer noopener\">integritetspolicy.<\/a><\/p><p>F\u00f6r fr\u00e5gor om betalningar, v\u00e4nligen kontakta&nbsp;<a href=\"https:\/\/www.klarna.com\/se\/kundservice\/csc\/betalningar\/\" target=\"_blank\" rel=\"noreferrer noopener\">Klarna\u2019s kundtj\u00e4nst<\/a>.<\/p><div class=\"wp-block-image\"><figure class=\"alignleft size-medium\"><img decoding=\"async\" src=\"https:\/\/www.addprofile.se\/vvds\/wp-content\/uploads\/sites\/3\/2025\/03\/Klarna_varningstext-300x67.png\" alt=\"\" class=\"wp-image-2830\"\/><\/figure><\/div><p><\/p><p><\/p><div style=\"height:20px\" aria-hidden=\"true\" class=\"wp-block-spacer\"><\/div><hr class=\"wp-block-separator has-alpha-channel-opacity is-style-wide\"\/><p>Vi rekommenderar att du l\u00e4ser v\u00e5ra <a href=\"https:\/\/www.addprofile.se\/kffs\/allmanna-villkor\/\">allm\u00e4nna villkor<\/a>, \u00a0<a href=\"https:\/\/www.addprofile.se\/kffs\/integritetspolicy\/\">integritetspolicy\u00a0<\/a>och\u00a0<a href=\"https:\/\/www.addprofile.se\/kffs\/cookiepolicy\/\" data-type=\"page\" data-id=\"177\">cookiepolicy.<\/a><\/p><p><strong>Kan jag \u00e4ndra min betalningsmetod?<\/strong><\/p><p>Genom Klarna har du i vissa fall m\u00f6jlighet att v\u00e4xla mellan betalning med faktura och delbetalning. Om du har valt kortbetalning, bank\u00f6verf\u00f6ring eller n\u00e5gon annan direktbetalningsmetod finns det tyv\u00e4rr ingen m\u00f6jlighet att \u00e4ndra n\u00e4r best\u00e4llningen v\u00e4l \u00e4r gjord.<\/p><p><strong>Varf\u00f6r blir jag nekad eller inte erbjuden att betala med faktura\/avbetalning?<\/strong><\/p><p>N\u00e4r du g\u00e5r till kassan f\u00f6r att betala kan en bed\u00f6mning g\u00f6ras av v\u00e5ra betalningspartner s\u00e5 att de kan veta vilka av de tillg\u00e4ngliga betalningsalternativen de kan erbjuda dig. Bed\u00f6mningen \u00e4r individuell och bygger p\u00e5 flera olika faktorer; till exempel tidigare betalningshistorik, hur mycket du vill handla f\u00f6r och extern information.<\/p><p>Om ditt k\u00f6p nekas betyder det att v\u00e5r betalningspartner inte kan erbjuda dig alternativet du ans\u00f6ker om, f\u00f6r det specifika k\u00f6pet.<\/p><p><strong>N\u00e4r kommer jag att debiteras f\u00f6r mitt k\u00f6p n\u00e4r jag v\u00e4ljer att betala direkt?<\/strong><\/p><p>Normalt reserveras beloppet n\u00e4r ditt k\u00f6p \u00e4r genomf\u00f6rt och debiteras sedan n\u00e4r vi skickar varorna; i vissa fall debiteras du direkt n\u00e4r k\u00f6pet g\u00e5r igenom.<\/p><p><strong>Varf\u00f6r fick jag en p\u00e5minnelseavgift?<\/strong><\/p><p>Vid sen eller utebliven betalning av faktura eller delbetalning f\u00e5r du en p\u00e5minnelse fr\u00e5n Klarna med en till\u00e4ggsavgift. Om du har n\u00e5gra fr\u00e5gor, v\u00e4nligen kontakta&nbsp;<a href=\"https:\/\/www.klarna.com\/\" target=\"_blank\" rel=\"noreferrer noopener\">Klarna direkt.<\/a><\/p>","protected":false},"excerpt":{"rendered":"<p>I samarbete med&nbsp;Klarna&nbsp;Bank AB (publ), Sveav\u00e4gen 46, 111 34 Stockholm, erbjuder vi f\u00f6ljande betalningsalternativ. Betalning ska g\u00f6ras till Klarna: Betala senare.&nbsp;Handla nu, betala senare. Klarna l\u00e5ter dig betala 14 eller 30 dagar efter leverans eller i tre lika delar \u2013 r\u00e4ntefritt. Betala nu.&nbsp;Betala med kort direkt i kassan. Inga l\u00e5nga formul\u00e4r, inga l\u00f6senord, inga bekymmer. [&hellip;]<\/p>\n","protected":false},"author":2,"featured_media":0,"parent":0,"menu_order":0,"comment_status":"closed","ping_status":"closed","template":"","meta":{"footnotes":""},"_links":{"self":[{"href":"https:\/\/www.addprofile.se\/kffs\/wp-json\/wp\/v2\/pages\/1062"}],"collection":[{"href":"https:\/\/www.addprofile.se\/kffs\/wp-json\/wp\/v2\/pages"}],"about":[{"href":"https:\/\/www.addprofile.se\/kffs\/wp-json\/wp\/v2\/types\/page"}],"author":[{"embeddable":true,"href":"https:\/\/www.addprofile.se\/kffs\/wp-json\/wp\/v2\/users\/2"}],"replies":[{"embeddable":true,"href":"https:\/\/www.addprofile.se\/kffs\/wp-json\/wp\/v2\/comments?post=1062"}],"version-history":[{"count":3,"href":"https:\/\/www.addprofile.se\/kffs\/wp-json\/wp\/v2\/pages\/1062\/revisions"}],"predecessor-version":[{"id":1077,"href":"https:\/\/www.addprofile.se\/kffs\/wp-json\/wp\/v2\/pages\/1062\/revisions\/1077"}],"wp:attachment":[{"href":"https:\/\/www.addprofile.se\/kffs\/wp-json\/wp\/v2\/media?parent=1062"}],"curies":[{"name":"wp","href":"https:\/\/api.w.org\/{rel}","templated":true}]}}