{"id":2210,"date":"2025-03-17T09:06:08","date_gmt":"2025-03-17T08:06:08","guid":{"rendered":"https:\/\/www.addprofile.se\/kffs\/?page_id=2210"},"modified":"2025-05-12T12:22:27","modified_gmt":"2025-05-12T10:22:27","slug":"certifikat","status":"publish","type":"page","link":"https:\/\/www.addprofile.se\/kffs\/certifikat\/","title":{"rendered":"Certifikat"},"content":{"rendered":"<p><\/p><div class=\"wp-block-image\"><figure class=\"aligncenter size-full is-resized\"><img loading=\"lazy\" decoding=\"async\" width=\"2393\" height=\"789\" src=\"https:\/\/www.addprofile.se\/kffs\/wp-content\/uploads\/sites\/5\/2025\/03\/Neutral\u00ae-Logo.png\" alt=\"\" class=\"wp-image-2238\" style=\"width:304px;height:auto\" srcset=\"https:\/\/www.addprofile.se\/kffs\/wp-content\/uploads\/sites\/5\/2025\/03\/Neutral\u00ae-Logo.png 2393w, https:\/\/www.addprofile.se\/kffs\/wp-content\/uploads\/sites\/5\/2025\/03\/Neutral\u00ae-Logo-300x99.png 300w, https:\/\/www.addprofile.se\/kffs\/wp-content\/uploads\/sites\/5\/2025\/03\/Neutral\u00ae-Logo-1024x338.png 1024w, https:\/\/www.addprofile.se\/kffs\/wp-content\/uploads\/sites\/5\/2025\/03\/Neutral\u00ae-Logo-768x253.png 768w, https:\/\/www.addprofile.se\/kffs\/wp-content\/uploads\/sites\/5\/2025\/03\/Neutral\u00ae-Logo-1536x506.png 1536w, https:\/\/www.addprofile.se\/kffs\/wp-content\/uploads\/sites\/5\/2025\/03\/Neutral\u00ae-Logo-2048x675.png 2048w, https:\/\/www.addprofile.se\/kffs\/wp-content\/uploads\/sites\/5\/2025\/03\/Neutral\u00ae-Logo-324x107.png 324w, https:\/\/www.addprofile.se\/kffs\/wp-content\/uploads\/sites\/5\/2025\/03\/Neutral\u00ae-Logo-416x137.png 416w\" sizes=\"(max-width: 2393px) 100vw, 2393px\" \/><\/figure><\/div><div class=\"wp-block-image\"><figure class=\"aligncenter size-full is-resized\"><img loading=\"lazy\" decoding=\"async\" width=\"952\" height=\"674\" src=\"https:\/\/www.addprofile.se\/kffs\/wp-content\/uploads\/sites\/5\/2025\/03\/Skarmbild-2025-03-17-094721.png\" alt=\"\" class=\"wp-image-2239\" style=\"width:1082px;height:auto\" srcset=\"https:\/\/www.addprofile.se\/kffs\/wp-content\/uploads\/sites\/5\/2025\/03\/Skarmbild-2025-03-17-094721.png 952w, https:\/\/www.addprofile.se\/kffs\/wp-content\/uploads\/sites\/5\/2025\/03\/Skarmbild-2025-03-17-094721-300x212.png 300w, https:\/\/www.addprofile.se\/kffs\/wp-content\/uploads\/sites\/5\/2025\/03\/Skarmbild-2025-03-17-094721-768x544.png 768w, https:\/\/www.addprofile.se\/kffs\/wp-content\/uploads\/sites\/5\/2025\/03\/Skarmbild-2025-03-17-094721-324x229.png 324w, https:\/\/www.addprofile.se\/kffs\/wp-content\/uploads\/sites\/5\/2025\/03\/Skarmbild-2025-03-17-094721-416x295.png 416w\" sizes=\"(max-width: 952px) 100vw, 952px\" \/><\/figure><\/div><div style=\"height:51px\" aria-hidden=\"true\" class=\"wp-block-spacer\"><\/div><div class=\"wp-block-media-text is-stacked-on-mobile\" style=\"grid-template-columns:15% auto\"><figure class=\"wp-block-media-text__media\"><img loading=\"lazy\" decoding=\"async\" width=\"625\" height=\"925\" src=\"https:\/\/www.addprofile.se\/kffs\/wp-content\/uploads\/sites\/5\/2025\/03\/GOTS_HVID_KANT.jpg\" alt=\"\" class=\"wp-image-2227 size-full\" srcset=\"https:\/\/www.addprofile.se\/kffs\/wp-content\/uploads\/sites\/5\/2025\/03\/GOTS_HVID_KANT.jpg 625w, https:\/\/www.addprofile.se\/kffs\/wp-content\/uploads\/sites\/5\/2025\/03\/GOTS_HVID_KANT-203x300.jpg 203w, https:\/\/www.addprofile.se\/kffs\/wp-content\/uploads\/sites\/5\/2025\/03\/GOTS_HVID_KANT-324x480.jpg 324w, https:\/\/www.addprofile.se\/kffs\/wp-content\/uploads\/sites\/5\/2025\/03\/GOTS_HVID_KANT-416x616.jpg 416w\" sizes=\"(max-width: 625px) 100vw, 625px\" \/><\/figure><div class=\"wp-block-media-text__content\"><h1 class=\"wp-block-heading\">GOTS<\/h1>\n\n<p><strong>YOUR INDEPENDANT GUARANTEE THAT ALL COTTON USED IN NEUTRAL\u00ae PRODUCTION IS 100% CERTIFIED ORGANIC.<\/strong><\/p>\n\n<p>The Global Organic Textile Standard (GOTS) is recognised as the world&#8217;s leading processing standard for textiles made from organic fibres. Inspected by Control Union, the GOTS certificate defines high-level environmental criteria along the entire organic textiles supply chain and requires compliance with social criteria as well.<br><br><strong>LICENSE NO. CU810963 &nbsp; &#8211; &nbsp;&nbsp;<\/strong><a href=\"https:\/\/www.addprofile.se\/kffs\/wp-content\/uploads\/sites\/5\/2025\/03\/GOTS_License.pdf\">DOWNLOAD LICENSE<\/a><strong>&nbsp; &nbsp; &#8211; &nbsp;&nbsp;<\/strong><a href=\"https:\/\/www.global-standard.org\/\" target=\"_blank\" rel=\"noreferrer noopener\">READ MORE ABOUT GOTS<\/a><\/p><\/div><\/div><div style=\"height:50px\" aria-hidden=\"true\" class=\"wp-block-spacer\"><\/div><div class=\"wp-block-media-text is-stacked-on-mobile\" style=\"grid-template-columns:15% auto\"><figure class=\"wp-block-media-text__media\"><img loading=\"lazy\" decoding=\"async\" width=\"623\" height=\"937\" src=\"https:\/\/www.addprofile.se\/kffs\/wp-content\/uploads\/sites\/5\/2025\/03\/EU-ECOLABEL.jpg\" alt=\"\" class=\"wp-image-2228 size-full\" srcset=\"https:\/\/www.addprofile.se\/kffs\/wp-content\/uploads\/sites\/5\/2025\/03\/EU-ECOLABEL.jpg 623w, https:\/\/www.addprofile.se\/kffs\/wp-content\/uploads\/sites\/5\/2025\/03\/EU-ECOLABEL-199x300.jpg 199w, https:\/\/www.addprofile.se\/kffs\/wp-content\/uploads\/sites\/5\/2025\/03\/EU-ECOLABEL-324x487.jpg 324w, https:\/\/www.addprofile.se\/kffs\/wp-content\/uploads\/sites\/5\/2025\/03\/EU-ECOLABEL-416x626.jpg 416w\" sizes=\"(max-width: 623px) 100vw, 623px\" \/><\/figure><div class=\"wp-block-media-text__content\"><h1 class=\"wp-block-heading\">EU ECOLABEL<\/h1>\n\n<p><strong>YOUR INDEPENDANT GUARANTEE THAT NEUTRAL\u00ae CLOTHING HAVE BEEN MANUFACTURED WITH THE LOWEST ENVIRONMENTAL IMPACT AS POSSIBLE.<\/strong><\/p>\n\n<p>The official EU label for Greener Products. Ecolabelled products have a comparatively modest impact on air, water, soil, quality, natural resource consumption, global warming and biodiversity. Products must pass rigorous environmental fitness tests, with results verified by an independent body. The label adorns top performing products only.<br><br><strong>LICENSE NO. DK\/016\/049 &nbsp; &#8211; &nbsp;&nbsp;<\/strong><a href=\"https:\/\/www.addprofile.se\/kffs\/wp-content\/uploads\/sites\/5\/2025\/03\/EU-Ecolabel_License.pdf\">DOWNLOAD LICENSE<strong>&nbsp;<\/strong><\/a><strong> &nbsp; &#8211; &nbsp;&nbsp;<\/strong><a href=\"https:\/\/ec.europa.eu\/environment\/ecolabel\/index_en.htm\" target=\"_blank\" rel=\"noreferrer noopener\">READ MORE ABOUT EU ECOLABEL<\/a><\/p><\/div><\/div><div style=\"height:50px\" aria-hidden=\"true\" class=\"wp-block-spacer\"><\/div><div class=\"wp-block-media-text is-stacked-on-mobile\" style=\"grid-template-columns:15% auto\"><figure class=\"wp-block-media-text__media\"><img loading=\"lazy\" decoding=\"async\" width=\"623\" height=\"937\" src=\"https:\/\/www.addprofile.se\/kffs\/wp-content\/uploads\/sites\/5\/2025\/03\/FAIRTRADE.jpg\" alt=\"\" class=\"wp-image-2229 size-full\" srcset=\"https:\/\/www.addprofile.se\/kffs\/wp-content\/uploads\/sites\/5\/2025\/03\/FAIRTRADE.jpg 623w, https:\/\/www.addprofile.se\/kffs\/wp-content\/uploads\/sites\/5\/2025\/03\/FAIRTRADE-199x300.jpg 199w, https:\/\/www.addprofile.se\/kffs\/wp-content\/uploads\/sites\/5\/2025\/03\/FAIRTRADE-324x487.jpg 324w, https:\/\/www.addprofile.se\/kffs\/wp-content\/uploads\/sites\/5\/2025\/03\/FAIRTRADE-416x626.jpg 416w\" sizes=\"(max-width: 623px) 100vw, 623px\" \/><\/figure><div class=\"wp-block-media-text__content\"><h1 class=\"wp-block-heading\">FAIRTRADE<\/h1>\n\n<p><strong>YOUR INDEPENDENT GUARANTEE THAT NEUTRAL\u00ae FARMERS HAVE BEEN FAIRLY PAYED FOR THEIR COTTON CROPS.<\/strong><\/p>\n\n<p>The Fairtrade Certification Mark is your independent guarantee that the cotton in this product has been certified in accordance with international Fairtrade Standards.<\/p>\n\n<p><strong>LICENSE NO. 19007 &nbsp; &#8211; &nbsp;&nbsp;<a href=\"https:\/\/www.addprofile.se\/kffs\/wp-content\/uploads\/sites\/5\/2025\/03\/Fairtrade_License.pdf\">DOWNLOAD LICENSE&nbsp;<\/a> &nbsp; &#8211; &nbsp;&nbsp;<a href=\"https:\/\/info.fairtrade.net\/home.html\" target=\"_blank\" rel=\"noreferrer noopener\">READ MORE ABOUT FAIRTRADE<\/a><\/strong><\/p><\/div><\/div><div style=\"height:50px\" aria-hidden=\"true\" class=\"wp-block-spacer\"><\/div><div class=\"wp-block-media-text is-stacked-on-mobile\" style=\"grid-template-columns:15% auto\"><figure class=\"wp-block-media-text__media\"><img loading=\"lazy\" decoding=\"async\" width=\"625\" height=\"925\" src=\"https:\/\/www.addprofile.se\/kffs\/wp-content\/uploads\/sites\/5\/2025\/03\/ENERGY_HVID_KANT.jpg\" alt=\"\" class=\"wp-image-2230 size-full\" srcset=\"https:\/\/www.addprofile.se\/kffs\/wp-content\/uploads\/sites\/5\/2025\/03\/ENERGY_HVID_KANT.jpg 625w, https:\/\/www.addprofile.se\/kffs\/wp-content\/uploads\/sites\/5\/2025\/03\/ENERGY_HVID_KANT-203x300.jpg 203w, https:\/\/www.addprofile.se\/kffs\/wp-content\/uploads\/sites\/5\/2025\/03\/ENERGY_HVID_KANT-324x480.jpg 324w, https:\/\/www.addprofile.se\/kffs\/wp-content\/uploads\/sites\/5\/2025\/03\/ENERGY_HVID_KANT-416x616.jpg 416w\" sizes=\"(max-width: 625px) 100vw, 625px\" \/><\/figure><div class=\"wp-block-media-text__content\"><h1 class=\"wp-block-heading\">NEUTRAL\u00ae RESPONSIBILITY<\/h1>\n\n<p><strong>YOUR GUARANTEE THAT NEUTRAL\u00ae PRODUCTION FACILITIES ARE POWERED BY RENEWABLE ENERGY.<\/strong><\/p>\n\n<p>Renewable energy powers the Neutral\u00ae production. That way, making Neutral\u00ae clothing contributes to cleaner environments and fights climate change. In times of surplus, energy not needed for production is directed to local networks.<\/p><\/div><\/div><div style=\"height:50px\" aria-hidden=\"true\" class=\"wp-block-spacer\"><\/div><div class=\"wp-block-media-text is-stacked-on-mobile\" style=\"grid-template-columns:15% auto\"><figure class=\"wp-block-media-text__media\"><img loading=\"lazy\" decoding=\"async\" width=\"625\" height=\"925\" src=\"https:\/\/www.addprofile.se\/kffs\/wp-content\/uploads\/sites\/5\/2025\/03\/SA8000_HIVD_KANT.jpg\" alt=\"\" class=\"wp-image-2231 size-full\" srcset=\"https:\/\/www.addprofile.se\/kffs\/wp-content\/uploads\/sites\/5\/2025\/03\/SA8000_HIVD_KANT.jpg 625w, https:\/\/www.addprofile.se\/kffs\/wp-content\/uploads\/sites\/5\/2025\/03\/SA8000_HIVD_KANT-203x300.jpg 203w, https:\/\/www.addprofile.se\/kffs\/wp-content\/uploads\/sites\/5\/2025\/03\/SA8000_HIVD_KANT-324x480.jpg 324w, https:\/\/www.addprofile.se\/kffs\/wp-content\/uploads\/sites\/5\/2025\/03\/SA8000_HIVD_KANT-416x616.jpg 416w\" sizes=\"(max-width: 625px) 100vw, 625px\" \/><\/figure><div class=\"wp-block-media-text__content\"><h1 class=\"wp-block-heading\">SA8000<\/h1>\n\n<p><strong>YOUR INDEPENDANT GUARANTEE THAT NEUTRAL\u00ae FACTORIES LIVE UP TO INTERNATIONAL HUMAN RIGHT NORMS.<\/strong><\/p>\n\n<p>SA8000 is based on the principles of international human rights norms. It measures the performance of companies in eight key areas: child labour, forced labour, health and safety, free association and collective bargaining, discrimination, disciplinary practices, working hours and compensation.<\/p>\n\n<p><strong><a href=\"https:\/\/www.addprofile.se\/kffs\/wp-content\/uploads\/sites\/5\/2025\/03\/SA8000_License.pdf\">DOWNLOAD LICENSE&nbsp;<\/a> &nbsp; &#8211; &nbsp;&nbsp;<a href=\"https:\/\/sa-intl.org\/programs\/sa8000\/\" target=\"_blank\" rel=\"noreferrer noopener\">READ MORE ABOUT SA8000<\/a><\/strong><\/p><\/div><\/div><div style=\"height:50px\" aria-hidden=\"true\" class=\"wp-block-spacer\"><\/div><div class=\"wp-block-media-text is-stacked-on-mobile\" style=\"grid-template-columns:15% auto\"><figure class=\"wp-block-media-text__media\"><img loading=\"lazy\" decoding=\"async\" width=\"625\" height=\"925\" src=\"https:\/\/www.addprofile.se\/kffs\/wp-content\/uploads\/sites\/5\/2025\/03\/OEKOTEX_HVID_KANT.jpg\" alt=\"\" class=\"wp-image-2234 size-full\" srcset=\"https:\/\/www.addprofile.se\/kffs\/wp-content\/uploads\/sites\/5\/2025\/03\/OEKOTEX_HVID_KANT.jpg 625w, https:\/\/www.addprofile.se\/kffs\/wp-content\/uploads\/sites\/5\/2025\/03\/OEKOTEX_HVID_KANT-203x300.jpg 203w, https:\/\/www.addprofile.se\/kffs\/wp-content\/uploads\/sites\/5\/2025\/03\/OEKOTEX_HVID_KANT-324x480.jpg 324w, https:\/\/www.addprofile.se\/kffs\/wp-content\/uploads\/sites\/5\/2025\/03\/OEKOTEX_HVID_KANT-416x616.jpg 416w\" sizes=\"(max-width: 625px) 100vw, 625px\" \/><\/figure><div class=\"wp-block-media-text__content\"><h1 class=\"wp-block-heading\">OEKO-TEX 100<\/h1>\n\n<p><strong>YOUR INDEPENDANT GUARANTEE THAT A FINISHED NEUTRAL\u00ae PRODUCT IS 100% OKAY.<\/strong><\/p>\n\n<p>The Oeko-Tex Standards 100 comprehensively addresses the human ecology component of textiles products. It screens for any harmful substances present within processed textiles, which are intended to come in contact with consumers.<\/p>\n\n<p><strong>LICENSE NO. AITEX 2023OK2311 &nbsp; &#8211; &nbsp;&nbsp;<a href=\"https:\/\/www.addprofile.se\/kffs\/wp-content\/uploads\/sites\/5\/2025\/03\/AITEX-2023OK2311-Oeko-Tex-License.pdf\">DOWNLOAD LICENSE<\/a>&nbsp; &nbsp; &#8211; &nbsp;&nbsp;<a href=\"https:\/\/www.oeko-tex.com\/en\/\" target=\"_blank\" rel=\"noreferrer noopener\">READ MORE ABOUT OEKO-TEX<\/a><\/strong><\/p><\/div><\/div><div class=\"wp-block-media-text is-stacked-on-mobile\" style=\"grid-template-columns:15% auto\"><figure class=\"wp-block-media-text__media\"><img loading=\"lazy\" decoding=\"async\" width=\"301\" height=\"167\" src=\"https:\/\/www.addprofile.se\/kffs\/wp-content\/uploads\/sites\/5\/2025\/05\/Skarmbild-2025-05-12-090221.png\" alt=\"\" class=\"wp-image-41394 size-full\"\/><\/figure><div class=\"wp-block-media-text__content\"><h1 class=\"wp-block-heading\">OEKO-TEX 100<\/h1>\n\n<p><\/p>\n\n<p><strong><strong>Your independent assurance that Anlan Hechuang Tech Co., Limited meets the highest safety standards for baby-safe heat transfer prints.<\/strong><\/strong><\/p>\n\n<p>Certified according to <strong>OEKO-TEX\u00ae STANDARD 100<\/strong>, this product ensures that all components used in the heat transfer digital print (with pigment inks) on PET film are tested for harmful substances and comply with strict human-ecological requirements. Suitable even for <strong>Product Class I<\/strong> (baby articles), this certification guarantees safety, transparency, and trust.<\/p>\n\n<p><strong>LICENSE NO. 22.HCN.03570 \u00a0 &#8211; \u00a0\u00a0<a href=\"https:\/\/www.addprofile.se\/kffs\/wp-content\/uploads\/sites\/5\/2025\/05\/22.hcn_.03570-en_3.pdf\">DOWNLOAD LICENSE<\/a>\u00a0 \u00a0 &#8211; \u00a0\u00a0<a href=\"https:\/\/www.oeko-tex.com\/en\/\" target=\"_blank\" rel=\"noreferrer noopener\">READ MORE ABOUT OEKO-TEX<\/a><\/strong><\/p><\/div><\/div><div style=\"height:256px\" aria-hidden=\"true\" class=\"wp-block-spacer\"><\/div><div class=\"wp-block-media-text is-stacked-on-mobile\" style=\"grid-template-columns:15% auto\"><figure class=\"wp-block-media-text__media\"><img loading=\"lazy\" decoding=\"async\" width=\"1024\" height=\"338\" src=\"https:\/\/www.addprofile.se\/kffs\/wp-content\/uploads\/sites\/5\/2025\/03\/Neutral\u00ae-Logo-1024x338.png\" alt=\"\" class=\"wp-image-2238 size-full\" srcset=\"https:\/\/www.addprofile.se\/kffs\/wp-content\/uploads\/sites\/5\/2025\/03\/Neutral\u00ae-Logo-1024x338.png 1024w, https:\/\/www.addprofile.se\/kffs\/wp-content\/uploads\/sites\/5\/2025\/03\/Neutral\u00ae-Logo-300x99.png 300w, https:\/\/www.addprofile.se\/kffs\/wp-content\/uploads\/sites\/5\/2025\/03\/Neutral\u00ae-Logo-768x253.png 768w, https:\/\/www.addprofile.se\/kffs\/wp-content\/uploads\/sites\/5\/2025\/03\/Neutral\u00ae-Logo-1536x506.png 1536w, https:\/\/www.addprofile.se\/kffs\/wp-content\/uploads\/sites\/5\/2025\/03\/Neutral\u00ae-Logo-2048x675.png 2048w, https:\/\/www.addprofile.se\/kffs\/wp-content\/uploads\/sites\/5\/2025\/03\/Neutral\u00ae-Logo-324x107.png 324w, https:\/\/www.addprofile.se\/kffs\/wp-content\/uploads\/sites\/5\/2025\/03\/Neutral\u00ae-Logo-416x137.png 416w\" sizes=\"(max-width: 1024px) 100vw, 1024px\" \/><\/figure><div class=\"wp-block-media-text__content\"><h1 class=\"wp-block-heading\">L\u00c4S MER<\/h1>\n\n<p><strong>H\u00e4r har vi sammanst\u00e4llt information om alla certifieringar v\u00e5ra produkter har..<\/strong><\/p>\n\n<p>Vill du f\u00f6rdjupa dig ytterligare? Bes\u00f6k g\u00e4rna <a href=\"https:\/\/neutral.com\/pages\/certificates\">Neutrals hemsida<\/a> f\u00f6r mer detaljerad information.<\/p><\/div><\/div>","protected":false},"excerpt":{"rendered":"<p>GOTS YOUR INDEPENDANT GUARANTEE THAT ALL COTTON USED IN NEUTRAL\u00ae PRODUCTION IS 100% CERTIFIED ORGANIC. The Global Organic Textile Standard (GOTS) is recognised as the world&#8217;s leading processing standard for textiles made from organic fibres. Inspected by Control Union, the GOTS certificate defines high-level environmental criteria along the entire organic textiles supply chain and requires [&hellip;]<\/p>\n","protected":false},"author":2,"featured_media":0,"parent":0,"menu_order":0,"comment_status":"closed","ping_status":"closed","template":"","meta":{"footnotes":""},"_links":{"self":[{"href":"https:\/\/www.addprofile.se\/kffs\/wp-json\/wp\/v2\/pages\/2210"}],"collection":[{"href":"https:\/\/www.addprofile.se\/kffs\/wp-json\/wp\/v2\/pages"}],"about":[{"href":"https:\/\/www.addprofile.se\/kffs\/wp-json\/wp\/v2\/types\/page"}],"author":[{"embeddable":true,"href":"https:\/\/www.addprofile.se\/kffs\/wp-json\/wp\/v2\/users\/2"}],"replies":[{"embeddable":true,"href":"https:\/\/www.addprofile.se\/kffs\/wp-json\/wp\/v2\/comments?post=2210"}],"version-history":[{"count":12,"href":"https:\/\/www.addprofile.se\/kffs\/wp-json\/wp\/v2\/pages\/2210\/revisions"}],"predecessor-version":[{"id":41396,"href":"https:\/\/www.addprofile.se\/kffs\/wp-json\/wp\/v2\/pages\/2210\/revisions\/41396"}],"wp:attachment":[{"href":"https:\/\/www.addprofile.se\/kffs\/wp-json\/wp\/v2\/media?parent=2210"}],"curies":[{"name":"wp","href":"https:\/\/api.w.org\/{rel}","templated":true}]}}