{"id":1104,"date":"2025-03-14T11:22:48","date_gmt":"2025-03-14T10:22:48","guid":{"rendered":"https:\/\/www.addprofile.se\/kffs\/?post_type=product&#038;p=1104"},"modified":"2025-05-15T13:09:01","modified_gmt":"2025-05-15T11:09:01","slug":"kids-sweatshirt-green","status":"publish","type":"product","link":"https:\/\/www.addprofile.se\/kffs\/produkt\/kids-sweatshirt-green\/","title":{"rendered":"Kids Sweatshirt Green"},"content":{"rendered":"<p>En riktigt sk\u00f6n heavyweight sweatshirt med l\u00f6s passform, rund hals och raglan\u00e4rmar f\u00f6r en tidl\u00f6s look. Utrustad med dubbelvikt elastanrib i hals, muddar och midja f\u00f6r extra h\u00e5llbarhet och passform. Insidan \u00e4r mjukt borstad f\u00f6r maximal komfort. Tillverkad av ringspunnen, kammad bomull (300 g\/m\u00b2) \u2013 perfekt f\u00f6r b\u00e5de vardag och skola!<\/p>\n<p><a href=\"https:\/\/www.addprofile.se\/kffs\/certifikat\/\"><img loading=\"lazy\" decoding=\"async\" class=\"alignnone size-medium wp-image-2209\" src=\"https:\/\/www.addprofile.se\/kffs\/wp-content\/uploads\/sites\/5\/2025\/03\/Skarmbild-2025-03-17-084154-300x85.png\" alt=\"\" width=\"300\" height=\"85\" srcset=\"https:\/\/www.addprofile.se\/kffs\/wp-content\/uploads\/sites\/5\/2025\/03\/Skarmbild-2025-03-17-084154-300x85.png 300w, https:\/\/www.addprofile.se\/kffs\/wp-content\/uploads\/sites\/5\/2025\/03\/Skarmbild-2025-03-17-084154-324x92.png 324w, https:\/\/www.addprofile.se\/kffs\/wp-content\/uploads\/sites\/5\/2025\/03\/Skarmbild-2025-03-17-084154-416x118.png 416w, https:\/\/www.addprofile.se\/kffs\/wp-content\/uploads\/sites\/5\/2025\/03\/Skarmbild-2025-03-17-084154.png 515w\" sizes=\"(max-width: 300px) 100vw, 300px\" \/><\/a><\/p>\n","protected":false},"excerpt":{"rendered":"<p>En riktigt sk\u00f6n heavyweight sweatshirt med l\u00f6s passform, rund hals och raglan\u00e4rmar f\u00f6r en tidl\u00f6s look. Utrustad med dubbelvikt elastanrib i hals, muddar och midja f\u00f6r extra h\u00e5llbarhet och passform. Insidan \u00e4r mjukt borstad f\u00f6r maximal komfort. Tillverkad av ringspunnen, kammad bomull (300 g\/m\u00b2) \u2013 perfekt f\u00f6r b\u00e5de vardag och skola!<\/p>\n<p><a href=\"https:\/\/www.addprofile.se\/kffs\/certifikat\/\"><img loading=\"lazy\" decoding=\"async\" class=\"alignnone size-medium wp-image-2209\" src=\"https:\/\/www.addprofile.se\/kffs\/wp-content\/uploads\/sites\/5\/2025\/03\/Skarmbild-2025-03-17-084154-300x85.png\" alt=\"\" width=\"300\" height=\"85\" srcset=\"https:\/\/www.addprofile.se\/kffs\/wp-content\/uploads\/sites\/5\/2025\/03\/Skarmbild-2025-03-17-084154-300x85.png 300w, https:\/\/www.addprofile.se\/kffs\/wp-content\/uploads\/sites\/5\/2025\/03\/Skarmbild-2025-03-17-084154-324x92.png 324w, https:\/\/www.addprofile.se\/kffs\/wp-content\/uploads\/sites\/5\/2025\/03\/Skarmbild-2025-03-17-084154-416x118.png 416w, https:\/\/www.addprofile.se\/kffs\/wp-content\/uploads\/sites\/5\/2025\/03\/Skarmbild-2025-03-17-084154.png 515w\" sizes=\"(max-width: 300px) 100vw, 300px\" \/><\/a><\/p>\n","protected":false},"featured_media":1273,"comment_status":"open","ping_status":"closed","template":"","meta":[],"product_cat":[15,16,50,57],"product_tag":[],"_links":{"self":[{"href":"https:\/\/www.addprofile.se\/kffs\/wp-json\/wp\/v2\/product\/1104"}],"collection":[{"href":"https:\/\/www.addprofile.se\/kffs\/wp-json\/wp\/v2\/product"}],"about":[{"href":"https:\/\/www.addprofile.se\/kffs\/wp-json\/wp\/v2\/types\/product"}],"replies":[{"embeddable":true,"href":"https:\/\/www.addprofile.se\/kffs\/wp-json\/wp\/v2\/comments?post=1104"}],"wp:featuredmedia":[{"embeddable":true,"href":"https:\/\/www.addprofile.se\/kffs\/wp-json\/wp\/v2\/media\/1273"}],"wp:attachment":[{"href":"https:\/\/www.addprofile.se\/kffs\/wp-json\/wp\/v2\/media?parent=1104"}],"wp:term":[{"taxonomy":"product_cat","embeddable":true,"href":"https:\/\/www.addprofile.se\/kffs\/wp-json\/wp\/v2\/product_cat?post=1104"},{"taxonomy":"product_tag","embeddable":true,"href":"https:\/\/www.addprofile.se\/kffs\/wp-json\/wp\/v2\/product_tag?post=1104"}],"curies":[{"name":"wp","href":"https:\/\/api.w.org\/{rel}","templated":true}]}}