{"id":11715,"date":"2025-03-18T14:15:46","date_gmt":"2025-03-18T13:15:46","guid":{"rendered":"https:\/\/www.addprofile.se\/kffs\/?post_type=product&#038;p=11715"},"modified":"2025-04-15T10:01:52","modified_gmt":"2025-04-15T08:01:52","slug":"hoodie-slightly-fitted-bordeaux","status":"publish","type":"product","link":"https:\/\/www.addprofile.se\/kffs\/produkt\/hoodie-slightly-fitted-bordeaux\/","title":{"rendered":"Hoodie Slightly Fitted Bordeaux"},"content":{"rendered":"<p><strong data-start=\"63\" data-end=\"87\">Mjuk och sk\u00f6n hoodie<\/strong><br data-start=\"87\" data-end=\"90\" \/>En l\u00e4tt figursydd hoodie i ekologisk Fairtrade-bomull (300 g\/m\u00b2) med k\u00e4nguruficka och dubbelsidig huva. Elastanrib vid \u00e4rmslut och midja ger bra passform, och den borstade insidan g\u00f6r den extra mjuk och bekv\u00e4m. Perfekt f\u00f6r b\u00e5de vardag och fritid!<\/p>\n<p><a href=\"https:\/\/www.addprofile.se\/kffs\/certifikat\/\"><img loading=\"lazy\" decoding=\"async\" class=\"alignnone size-medium wp-image-2209\" src=\"https:\/\/www.addprofile.se\/kffs\/wp-content\/uploads\/sites\/5\/2025\/03\/Skarmbild-2025-03-17-084154-300x85.png\" alt=\"\" width=\"300\" height=\"85\" srcset=\"https:\/\/www.addprofile.se\/kffs\/wp-content\/uploads\/sites\/5\/2025\/03\/Skarmbild-2025-03-17-084154-300x85.png 300w, https:\/\/www.addprofile.se\/kffs\/wp-content\/uploads\/sites\/5\/2025\/03\/Skarmbild-2025-03-17-084154-324x92.png 324w, https:\/\/www.addprofile.se\/kffs\/wp-content\/uploads\/sites\/5\/2025\/03\/Skarmbild-2025-03-17-084154-416x118.png 416w, https:\/\/www.addprofile.se\/kffs\/wp-content\/uploads\/sites\/5\/2025\/03\/Skarmbild-2025-03-17-084154.png 515w\" sizes=\"(max-width: 300px) 100vw, 300px\" \/><\/a><\/p>\n","protected":false},"excerpt":{"rendered":"<p><strong data-start=\"63\" data-end=\"87\">Mjuk och sk\u00f6n hoodie<\/strong><br data-start=\"87\" data-end=\"90\" \/>En l\u00e4tt figursydd hoodie i ekologisk Fairtrade-bomull (300 g\/m\u00b2) med k\u00e4nguruficka och dubbelsidig huva. Elastanrib vid \u00e4rmslut och midja ger bra passform, och den borstade insidan g\u00f6r den extra mjuk och bekv\u00e4m. Perfekt f\u00f6r b\u00e5de vardag och fritid!<\/p>\n<p><a href=\"https:\/\/www.addprofile.se\/kffs\/certifikat\/\"><img loading=\"lazy\" decoding=\"async\" class=\"alignnone wp-image-2209 size-medium\" src=\"https:\/\/www.addprofile.se\/kffs\/wp-content\/uploads\/sites\/5\/2025\/03\/Skarmbild-2025-03-17-084154-300x85.png\" alt=\"\" width=\"300\" height=\"85\" srcset=\"https:\/\/www.addprofile.se\/kffs\/wp-content\/uploads\/sites\/5\/2025\/03\/Skarmbild-2025-03-17-084154-300x85.png 300w, https:\/\/www.addprofile.se\/kffs\/wp-content\/uploads\/sites\/5\/2025\/03\/Skarmbild-2025-03-17-084154-324x92.png 324w, https:\/\/www.addprofile.se\/kffs\/wp-content\/uploads\/sites\/5\/2025\/03\/Skarmbild-2025-03-17-084154-416x118.png 416w, https:\/\/www.addprofile.se\/kffs\/wp-content\/uploads\/sites\/5\/2025\/03\/Skarmbild-2025-03-17-084154.png 515w\" sizes=\"(max-width: 300px) 100vw, 300px\" \/><\/a><\/p>\n","protected":false},"featured_media":11816,"comment_status":"open","ping_status":"closed","template":"","meta":[],"product_cat":[15,17,52,55],"product_tag":[],"_links":{"self":[{"href":"https:\/\/www.addprofile.se\/kffs\/wp-json\/wp\/v2\/product\/11715"}],"collection":[{"href":"https:\/\/www.addprofile.se\/kffs\/wp-json\/wp\/v2\/product"}],"about":[{"href":"https:\/\/www.addprofile.se\/kffs\/wp-json\/wp\/v2\/types\/product"}],"replies":[{"embeddable":true,"href":"https:\/\/www.addprofile.se\/kffs\/wp-json\/wp\/v2\/comments?post=11715"}],"wp:featuredmedia":[{"embeddable":true,"href":"https:\/\/www.addprofile.se\/kffs\/wp-json\/wp\/v2\/media\/11816"}],"wp:attachment":[{"href":"https:\/\/www.addprofile.se\/kffs\/wp-json\/wp\/v2\/media?parent=11715"}],"wp:term":[{"taxonomy":"product_cat","embeddable":true,"href":"https:\/\/www.addprofile.se\/kffs\/wp-json\/wp\/v2\/product_cat?post=11715"},{"taxonomy":"product_tag","embeddable":true,"href":"https:\/\/www.addprofile.se\/kffs\/wp-json\/wp\/v2\/product_tag?post=11715"}],"curies":[{"name":"wp","href":"https:\/\/api.w.org\/{rel}","templated":true}]}}