{"id":17587,"date":"2025-03-19T09:34:49","date_gmt":"2025-03-19T08:34:49","guid":{"rendered":"https:\/\/www.addprofile.se\/kffs\/?post_type=product&#038;p=17587"},"modified":"2025-04-15T09:48:24","modified_gmt":"2025-04-15T07:48:24","slug":"zip-hoddie-slightly-fitted-bottle-green","status":"publish","type":"product","link":"https:\/\/www.addprofile.se\/kffs\/produkt\/zip-hoddie-slightly-fitted-bottle-green\/","title":{"rendered":"Zip Hoddie Slightly Fitted Bottle Green"},"content":{"rendered":"<p><strong data-start=\"387\" data-end=\"437\">L\u00e4tt figursydd och bekv\u00e4m hoodie med dragkedja<\/strong><br data-start=\"437\" data-end=\"440\" \/>En mjuk hoodie i ekologisk Fairtrade-bomull (300 g\/m\u00b2) med k\u00e4nguruficka och YKK-dragkedja fram. Ribbstickade muddar och midja ger en snygg passform, och den borstade insidan g\u00f6r den otroligt sk\u00f6n att b\u00e4ra. En favorit f\u00f6r alla tillf\u00e4llen!<\/p>\n<p><a href=\"https:\/\/www.addprofile.se\/kffs\/certifikat\/\"><img loading=\"lazy\" decoding=\"async\" class=\"alignnone size-medium wp-image-2209\" src=\"https:\/\/www.addprofile.se\/kffs\/wp-content\/uploads\/sites\/5\/2025\/03\/Skarmbild-2025-03-17-084154-300x85.png\" alt=\"\" width=\"300\" height=\"85\" srcset=\"https:\/\/www.addprofile.se\/kffs\/wp-content\/uploads\/sites\/5\/2025\/03\/Skarmbild-2025-03-17-084154-300x85.png 300w, https:\/\/www.addprofile.se\/kffs\/wp-content\/uploads\/sites\/5\/2025\/03\/Skarmbild-2025-03-17-084154-324x92.png 324w, https:\/\/www.addprofile.se\/kffs\/wp-content\/uploads\/sites\/5\/2025\/03\/Skarmbild-2025-03-17-084154-416x118.png 416w, https:\/\/www.addprofile.se\/kffs\/wp-content\/uploads\/sites\/5\/2025\/03\/Skarmbild-2025-03-17-084154.png 515w\" sizes=\"(max-width: 300px) 100vw, 300px\" \/><\/a><\/p>\n","protected":false},"excerpt":{"rendered":"<p><strong data-start=\"387\" data-end=\"437\">L\u00e4tt figursydd och bekv\u00e4m hoodie med dragkedja<\/strong><br data-start=\"437\" data-end=\"440\" \/>En mjuk hoodie i ekologisk Fairtrade-bomull (300 g\/m\u00b2) med k\u00e4nguruficka och YKK-dragkedja fram. Ribbstickade muddar och midja ger en snygg passform, och den borstade insidan g\u00f6r den otroligt sk\u00f6n att b\u00e4ra. En favorit f\u00f6r alla tillf\u00e4llen!<\/p>\n<p><a href=\"https:\/\/www.addprofile.se\/kffs\/certifikat\/\"><img loading=\"lazy\" decoding=\"async\" class=\"alignnone size-medium wp-image-2209\" src=\"https:\/\/www.addprofile.se\/kffs\/wp-content\/uploads\/sites\/5\/2025\/03\/Skarmbild-2025-03-17-084154-300x85.png\" alt=\"\" width=\"300\" height=\"85\" srcset=\"https:\/\/www.addprofile.se\/kffs\/wp-content\/uploads\/sites\/5\/2025\/03\/Skarmbild-2025-03-17-084154-300x85.png 300w, https:\/\/www.addprofile.se\/kffs\/wp-content\/uploads\/sites\/5\/2025\/03\/Skarmbild-2025-03-17-084154-324x92.png 324w, https:\/\/www.addprofile.se\/kffs\/wp-content\/uploads\/sites\/5\/2025\/03\/Skarmbild-2025-03-17-084154-416x118.png 416w, https:\/\/www.addprofile.se\/kffs\/wp-content\/uploads\/sites\/5\/2025\/03\/Skarmbild-2025-03-17-084154.png 515w\" sizes=\"(max-width: 300px) 100vw, 300px\" \/><\/a><\/p>\n","protected":false},"featured_media":17764,"comment_status":"open","ping_status":"closed","template":"","meta":[],"product_cat":[15,52,62,63],"product_tag":[],"_links":{"self":[{"href":"https:\/\/www.addprofile.se\/kffs\/wp-json\/wp\/v2\/product\/17587"}],"collection":[{"href":"https:\/\/www.addprofile.se\/kffs\/wp-json\/wp\/v2\/product"}],"about":[{"href":"https:\/\/www.addprofile.se\/kffs\/wp-json\/wp\/v2\/types\/product"}],"replies":[{"embeddable":true,"href":"https:\/\/www.addprofile.se\/kffs\/wp-json\/wp\/v2\/comments?post=17587"}],"wp:featuredmedia":[{"embeddable":true,"href":"https:\/\/www.addprofile.se\/kffs\/wp-json\/wp\/v2\/media\/17764"}],"wp:attachment":[{"href":"https:\/\/www.addprofile.se\/kffs\/wp-json\/wp\/v2\/media?parent=17587"}],"wp:term":[{"taxonomy":"product_cat","embeddable":true,"href":"https:\/\/www.addprofile.se\/kffs\/wp-json\/wp\/v2\/product_cat?post=17587"},{"taxonomy":"product_tag","embeddable":true,"href":"https:\/\/www.addprofile.se\/kffs\/wp-json\/wp\/v2\/product_tag?post=17587"}],"curies":[{"name":"wp","href":"https:\/\/api.w.org\/{rel}","templated":true}]}}