{"id":23584,"date":"2025-03-20T07:38:37","date_gmt":"2025-03-20T06:38:37","guid":{"rendered":"https:\/\/www.addprofile.se\/kffs\/?post_type=product&#038;p=23584"},"modified":"2025-04-15T13:13:05","modified_gmt":"2025-04-15T11:13:05","slug":"hoodie-regular-fit-royal","status":"publish","type":"product","link":"https:\/\/www.addprofile.se\/kffs\/produkt\/hoodie-regular-fit-royal\/","title":{"rendered":"Hoodie Regular Fit Royal"},"content":{"rendered":"<p><strong data-start=\"633\" data-end=\"658\">Mjuk och t\u00e5lig hoodie<\/strong><br data-start=\"658\" data-end=\"661\" \/>En kraftig hoodie i ekologisk Fairtrade-bomull (300 g\/m\u00b2) med k\u00e4nguruficka och en dubbelsidig huva. Den borstade insidan g\u00f6r den extra bekv\u00e4m, och ribbade muddar och midja ger en f\u00f6ljsam passform. Perfekt f\u00f6r sk\u00f6na dagar och aktiva stunder!<\/p>\n<p><a href=\"https:\/\/www.addprofile.se\/kffs\/certifikat\/\"><img loading=\"lazy\" decoding=\"async\" class=\"alignnone size-medium wp-image-2209\" src=\"https:\/\/www.addprofile.se\/kffs\/wp-content\/uploads\/sites\/5\/2025\/03\/Skarmbild-2025-03-17-084154-300x85.png\" alt=\"\" width=\"300\" height=\"85\" srcset=\"https:\/\/www.addprofile.se\/kffs\/wp-content\/uploads\/sites\/5\/2025\/03\/Skarmbild-2025-03-17-084154-300x85.png 300w, https:\/\/www.addprofile.se\/kffs\/wp-content\/uploads\/sites\/5\/2025\/03\/Skarmbild-2025-03-17-084154-324x92.png 324w, https:\/\/www.addprofile.se\/kffs\/wp-content\/uploads\/sites\/5\/2025\/03\/Skarmbild-2025-03-17-084154-416x118.png 416w, https:\/\/www.addprofile.se\/kffs\/wp-content\/uploads\/sites\/5\/2025\/03\/Skarmbild-2025-03-17-084154.png 515w\" sizes=\"(max-width: 300px) 100vw, 300px\" \/><\/a><\/p>\n","protected":false},"excerpt":{"rendered":"<p><strong data-start=\"633\" data-end=\"658\">Mjuk och t\u00e5lig hoodie<\/strong><br data-start=\"658\" data-end=\"661\" \/>En kraftig hoodie i ekologisk Fairtrade-bomull (300 g\/m\u00b2) med k\u00e4nguruficka och en dubbelsidig huva. Den borstade insidan g\u00f6r den extra bekv\u00e4m, och ribbade muddar och midja ger en f\u00f6ljsam passform. Perfekt f\u00f6r sk\u00f6na dagar och aktiva stunder!<\/p>\n<p><a href=\"https:\/\/www.addprofile.se\/kffs\/certifikat\/\"><img loading=\"lazy\" decoding=\"async\" class=\"alignnone size-medium wp-image-2209\" src=\"https:\/\/www.addprofile.se\/kffs\/wp-content\/uploads\/sites\/5\/2025\/03\/Skarmbild-2025-03-17-084154-300x85.png\" alt=\"\" width=\"300\" height=\"85\" srcset=\"https:\/\/www.addprofile.se\/kffs\/wp-content\/uploads\/sites\/5\/2025\/03\/Skarmbild-2025-03-17-084154-300x85.png 300w, https:\/\/www.addprofile.se\/kffs\/wp-content\/uploads\/sites\/5\/2025\/03\/Skarmbild-2025-03-17-084154-324x92.png 324w, https:\/\/www.addprofile.se\/kffs\/wp-content\/uploads\/sites\/5\/2025\/03\/Skarmbild-2025-03-17-084154-416x118.png 416w, https:\/\/www.addprofile.se\/kffs\/wp-content\/uploads\/sites\/5\/2025\/03\/Skarmbild-2025-03-17-084154.png 515w\" sizes=\"(max-width: 300px) 100vw, 300px\" \/><\/a><\/p>\n","protected":false},"featured_media":23691,"comment_status":"open","ping_status":"closed","template":"","meta":[],"product_cat":[15,17,54,51],"product_tag":[],"_links":{"self":[{"href":"https:\/\/www.addprofile.se\/kffs\/wp-json\/wp\/v2\/product\/23584"}],"collection":[{"href":"https:\/\/www.addprofile.se\/kffs\/wp-json\/wp\/v2\/product"}],"about":[{"href":"https:\/\/www.addprofile.se\/kffs\/wp-json\/wp\/v2\/types\/product"}],"replies":[{"embeddable":true,"href":"https:\/\/www.addprofile.se\/kffs\/wp-json\/wp\/v2\/comments?post=23584"}],"wp:featuredmedia":[{"embeddable":true,"href":"https:\/\/www.addprofile.se\/kffs\/wp-json\/wp\/v2\/media\/23691"}],"wp:attachment":[{"href":"https:\/\/www.addprofile.se\/kffs\/wp-json\/wp\/v2\/media?parent=23584"}],"wp:term":[{"taxonomy":"product_cat","embeddable":true,"href":"https:\/\/www.addprofile.se\/kffs\/wp-json\/wp\/v2\/product_cat?post=23584"},{"taxonomy":"product_tag","embeddable":true,"href":"https:\/\/www.addprofile.se\/kffs\/wp-json\/wp\/v2\/product_tag?post=23584"}],"curies":[{"name":"wp","href":"https:\/\/api.w.org\/{rel}","templated":true}]}}