{"id":23865,"date":"2025-03-20T08:00:59","date_gmt":"2025-03-20T07:00:59","guid":{"rendered":"https:\/\/www.addprofile.se\/kffs\/?post_type=product&#038;p=23865"},"modified":"2025-05-15T13:58:53","modified_gmt":"2025-05-15T11:58:53","slug":"zip-hoodie-regular-fit-black","status":"publish","type":"product","link":"https:\/\/www.addprofile.se\/kffs\/produkt\/zip-hoodie-regular-fit-black\/","title":{"rendered":"Zip Hoodie Regular Fit Black"},"content":{"rendered":"<p><strong data-start=\"87\" data-end=\"121\">Tjock och slitstark zip-hoodie<\/strong><br data-start=\"121\" data-end=\"124\" \/>En bekv\u00e4m och h\u00e5llbar zip-hoodie i ekologisk Fairtrade-bomull (300 g\/m\u00b2) med klassisk passform. Utrustad med k\u00e4ngurufickor, YKK-dragkedja och en dubbelsidig huva. Elastanrib vid \u00e4rmslut och midja ger en f\u00f6ljsam passform, medan den mjuka, borstade insidan ger extra komfort. Perfekt f\u00f6r b\u00e5de vardag och fritid!<\/p>\n<p><a href=\"https:\/\/www.addprofile.se\/kffs\/certifikat\/\"><img loading=\"lazy\" decoding=\"async\" class=\"alignnone size-medium wp-image-2209\" src=\"https:\/\/www.addprofile.se\/kffs\/wp-content\/uploads\/sites\/5\/2025\/03\/Skarmbild-2025-03-17-084154-300x85.png\" alt=\"\" width=\"300\" height=\"85\" srcset=\"https:\/\/www.addprofile.se\/kffs\/wp-content\/uploads\/sites\/5\/2025\/03\/Skarmbild-2025-03-17-084154-300x85.png 300w, https:\/\/www.addprofile.se\/kffs\/wp-content\/uploads\/sites\/5\/2025\/03\/Skarmbild-2025-03-17-084154-324x92.png 324w, https:\/\/www.addprofile.se\/kffs\/wp-content\/uploads\/sites\/5\/2025\/03\/Skarmbild-2025-03-17-084154-416x118.png 416w, https:\/\/www.addprofile.se\/kffs\/wp-content\/uploads\/sites\/5\/2025\/03\/Skarmbild-2025-03-17-084154.png 515w\" sizes=\"(max-width: 300px) 100vw, 300px\" \/><\/a><\/p>\n","protected":false},"excerpt":{"rendered":"<p><strong data-start=\"87\" data-end=\"121\">Tjock och slitstark zip-hoodie<\/strong><br data-start=\"121\" data-end=\"124\" \/>En bekv\u00e4m och h\u00e5llbar zip-hoodie i ekologisk Fairtrade-bomull (300 g\/m\u00b2) med klassisk passform. Utrustad med k\u00e4ngurufickor, YKK-dragkedja och en dubbelsidig huva. Elastanrib vid \u00e4rmslut och midja ger en f\u00f6ljsam passform, medan den mjuka, borstade insidan ger extra komfort. Perfekt f\u00f6r b\u00e5de vardag och fritid!<\/p>\n<p><a href=\"https:\/\/www.addprofile.se\/kffs\/certifikat\/\"><img loading=\"lazy\" decoding=\"async\" class=\"alignnone size-medium wp-image-2209\" src=\"https:\/\/www.addprofile.se\/kffs\/wp-content\/uploads\/sites\/5\/2025\/03\/Skarmbild-2025-03-17-084154-300x85.png\" alt=\"\" width=\"300\" height=\"85\" srcset=\"https:\/\/www.addprofile.se\/kffs\/wp-content\/uploads\/sites\/5\/2025\/03\/Skarmbild-2025-03-17-084154-300x85.png 300w, https:\/\/www.addprofile.se\/kffs\/wp-content\/uploads\/sites\/5\/2025\/03\/Skarmbild-2025-03-17-084154-324x92.png 324w, https:\/\/www.addprofile.se\/kffs\/wp-content\/uploads\/sites\/5\/2025\/03\/Skarmbild-2025-03-17-084154-416x118.png 416w, https:\/\/www.addprofile.se\/kffs\/wp-content\/uploads\/sites\/5\/2025\/03\/Skarmbild-2025-03-17-084154.png 515w\" sizes=\"(max-width: 300px) 100vw, 300px\" \/><\/a><\/p>\n","protected":false},"featured_media":23976,"comment_status":"open","ping_status":"closed","template":"","meta":[],"product_cat":[15,51,62,64],"product_tag":[],"_links":{"self":[{"href":"https:\/\/www.addprofile.se\/kffs\/wp-json\/wp\/v2\/product\/23865"}],"collection":[{"href":"https:\/\/www.addprofile.se\/kffs\/wp-json\/wp\/v2\/product"}],"about":[{"href":"https:\/\/www.addprofile.se\/kffs\/wp-json\/wp\/v2\/types\/product"}],"replies":[{"embeddable":true,"href":"https:\/\/www.addprofile.se\/kffs\/wp-json\/wp\/v2\/comments?post=23865"}],"wp:featuredmedia":[{"embeddable":true,"href":"https:\/\/www.addprofile.se\/kffs\/wp-json\/wp\/v2\/media\/23976"}],"wp:attachment":[{"href":"https:\/\/www.addprofile.se\/kffs\/wp-json\/wp\/v2\/media?parent=23865"}],"wp:term":[{"taxonomy":"product_cat","embeddable":true,"href":"https:\/\/www.addprofile.se\/kffs\/wp-json\/wp\/v2\/product_cat?post=23865"},{"taxonomy":"product_tag","embeddable":true,"href":"https:\/\/www.addprofile.se\/kffs\/wp-json\/wp\/v2\/product_tag?post=23865"}],"curies":[{"name":"wp","href":"https:\/\/api.w.org\/{rel}","templated":true}]}}