{"id":34370,"date":"2025-03-21T15:18:58","date_gmt":"2025-03-21T14:18:58","guid":{"rendered":"https:\/\/www.addprofile.se\/kffs\/?post_type=product&#038;p=34370"},"modified":"2025-05-15T13:02:04","modified_gmt":"2025-05-15T11:02:04","slug":"sweatshirt-ash-grey","status":"publish","type":"product","link":"https:\/\/www.addprofile.se\/kffs\/produkt\/sweatshirt-ash-grey\/","title":{"rendered":"Sweatshirt Ash Grey"},"content":{"rendered":"<p><strong data-start=\"746\" data-end=\"789\">Klassisk och bekv\u00e4m sweatshirt f\u00f6r alla<\/strong><br data-start=\"789\" data-end=\"792\" \/>En slitstark och stilren sweatshirt i ekologisk Fairtrade-bomull (300 g\/m\u00b2). Unisexmodell med rund hals, raglan\u00e4rmar och ribbade muddar f\u00f6r en bekv\u00e4m passform. Den borstade insidan g\u00f6r den extra mjuk och sk\u00f6n \u2013 en tidl\u00f6s favorit i garderoben!<\/p>\n<p><a href=\"https:\/\/www.addprofile.se\/kffs\/certifikat\/\"><img loading=\"lazy\" decoding=\"async\" class=\"alignnone wp-image-2209 size-medium\" src=\"https:\/\/www.addprofile.se\/kffs\/wp-content\/uploads\/sites\/5\/2025\/03\/Skarmbild-2025-03-17-084154-300x85.png\" alt=\"\" width=\"300\" height=\"85\" srcset=\"https:\/\/www.addprofile.se\/kffs\/wp-content\/uploads\/sites\/5\/2025\/03\/Skarmbild-2025-03-17-084154-300x85.png 300w, https:\/\/www.addprofile.se\/kffs\/wp-content\/uploads\/sites\/5\/2025\/03\/Skarmbild-2025-03-17-084154-324x92.png 324w, https:\/\/www.addprofile.se\/kffs\/wp-content\/uploads\/sites\/5\/2025\/03\/Skarmbild-2025-03-17-084154-416x118.png 416w, https:\/\/www.addprofile.se\/kffs\/wp-content\/uploads\/sites\/5\/2025\/03\/Skarmbild-2025-03-17-084154.png 515w\" sizes=\"(max-width: 300px) 100vw, 300px\" \/><\/a><\/p>\n","protected":false},"excerpt":{"rendered":"<p><strong data-start=\"746\" data-end=\"789\">Klassisk och bekv\u00e4m sweatshirt f\u00f6r alla<\/strong><br data-start=\"789\" data-end=\"792\" \/>En slitstark och stilren sweatshirt i ekologisk Fairtrade-bomull (300 g\/m\u00b2). Unisexmodell med rund hals, raglan\u00e4rmar och ribbade muddar f\u00f6r en bekv\u00e4m passform. Den borstade insidan g\u00f6r den extra mjuk och sk\u00f6n \u2013 en tidl\u00f6s favorit i garderoben!<\/p>\n<p><a href=\"https:\/\/www.addprofile.se\/kffs\/certifikat\/\"><img loading=\"lazy\" decoding=\"async\" class=\"alignnone wp-image-2209 size-medium\" src=\"https:\/\/www.addprofile.se\/kffs\/wp-content\/uploads\/sites\/5\/2025\/03\/Skarmbild-2025-03-17-084154-300x85.png\" alt=\"\" width=\"300\" height=\"85\" srcset=\"https:\/\/www.addprofile.se\/kffs\/wp-content\/uploads\/sites\/5\/2025\/03\/Skarmbild-2025-03-17-084154-300x85.png 300w, https:\/\/www.addprofile.se\/kffs\/wp-content\/uploads\/sites\/5\/2025\/03\/Skarmbild-2025-03-17-084154-324x92.png 324w, https:\/\/www.addprofile.se\/kffs\/wp-content\/uploads\/sites\/5\/2025\/03\/Skarmbild-2025-03-17-084154-416x118.png 416w, https:\/\/www.addprofile.se\/kffs\/wp-content\/uploads\/sites\/5\/2025\/03\/Skarmbild-2025-03-17-084154.png 515w\" sizes=\"(max-width: 300px) 100vw, 300px\" \/><\/a><\/p>\n","protected":false},"featured_media":34493,"comment_status":"open","ping_status":"closed","template":"","meta":[],"product_cat":[15,52,51,57,60,61,83],"product_tag":[],"_links":{"self":[{"href":"https:\/\/www.addprofile.se\/kffs\/wp-json\/wp\/v2\/product\/34370"}],"collection":[{"href":"https:\/\/www.addprofile.se\/kffs\/wp-json\/wp\/v2\/product"}],"about":[{"href":"https:\/\/www.addprofile.se\/kffs\/wp-json\/wp\/v2\/types\/product"}],"replies":[{"embeddable":true,"href":"https:\/\/www.addprofile.se\/kffs\/wp-json\/wp\/v2\/comments?post=34370"}],"wp:featuredmedia":[{"embeddable":true,"href":"https:\/\/www.addprofile.se\/kffs\/wp-json\/wp\/v2\/media\/34493"}],"wp:attachment":[{"href":"https:\/\/www.addprofile.se\/kffs\/wp-json\/wp\/v2\/media?parent=34370"}],"wp:term":[{"taxonomy":"product_cat","embeddable":true,"href":"https:\/\/www.addprofile.se\/kffs\/wp-json\/wp\/v2\/product_cat?post=34370"},{"taxonomy":"product_tag","embeddable":true,"href":"https:\/\/www.addprofile.se\/kffs\/wp-json\/wp\/v2\/product_tag?post=34370"}],"curies":[{"name":"wp","href":"https:\/\/api.w.org\/{rel}","templated":true}]}}