{"id":6952,"date":"2025-03-18T09:16:00","date_gmt":"2025-03-18T08:16:00","guid":{"rendered":"https:\/\/www.addprofile.se\/kffs\/?post_type=product&#038;p=6952"},"modified":"2025-04-15T09:31:42","modified_gmt":"2025-04-15T07:31:42","slug":"kids-hoodie-green","status":"publish","type":"product","link":"https:\/\/www.addprofile.se\/kffs\/produkt\/kids-hoodie-green\/","title":{"rendered":"Kids Hoodie Green"},"content":{"rendered":"<p><strong data-start=\"62\" data-end=\"99\">Tjock och h\u00e5llbar hoodie f\u00f6r barn<\/strong><br data-start=\"99\" data-end=\"102\" \/>En bekv\u00e4m och slitstark hoodie i ekologisk Fairtrade-bomull (300 g\/m\u00b2) med k\u00e4ngurufickor och en dubbelsidig huva. Elastanrib vid \u00e4rmslut och midja ger bra passform, och den borstade insidan ger extra mjukhet och komfort. Perfekt f\u00f6r alla vardags\u00e4ventyr!<\/p>\n","protected":false},"excerpt":{"rendered":"<p><strong data-start=\"62\" data-end=\"99\">Tjock och h\u00e5llbar hoodie f\u00f6r barn<\/strong><br data-start=\"99\" data-end=\"102\" \/>En bekv\u00e4m och slitstark hoodie i ekologisk Fairtrade-bomull (300 g\/m\u00b2) med k\u00e4ngurufickor och en dubbelsidig huva. Elastanrib vid \u00e4rmslut och midja ger bra passform, och den borstade insidan ger extra mjukhet och komfort. Perfekt f\u00f6r alla vardags\u00e4ventyr!<\/p>\n","protected":false},"featured_media":7046,"comment_status":"open","ping_status":"closed","template":"","meta":[],"product_cat":[15,17,56,50],"product_tag":[],"_links":{"self":[{"href":"https:\/\/www.addprofile.se\/kffs\/wp-json\/wp\/v2\/product\/6952"}],"collection":[{"href":"https:\/\/www.addprofile.se\/kffs\/wp-json\/wp\/v2\/product"}],"about":[{"href":"https:\/\/www.addprofile.se\/kffs\/wp-json\/wp\/v2\/types\/product"}],"replies":[{"embeddable":true,"href":"https:\/\/www.addprofile.se\/kffs\/wp-json\/wp\/v2\/comments?post=6952"}],"wp:featuredmedia":[{"embeddable":true,"href":"https:\/\/www.addprofile.se\/kffs\/wp-json\/wp\/v2\/media\/7046"}],"wp:attachment":[{"href":"https:\/\/www.addprofile.se\/kffs\/wp-json\/wp\/v2\/media?parent=6952"}],"wp:term":[{"taxonomy":"product_cat","embeddable":true,"href":"https:\/\/www.addprofile.se\/kffs\/wp-json\/wp\/v2\/product_cat?post=6952"},{"taxonomy":"product_tag","embeddable":true,"href":"https:\/\/www.addprofile.se\/kffs\/wp-json\/wp\/v2\/product_tag?post=6952"}],"curies":[{"name":"wp","href":"https:\/\/api.w.org\/{rel}","templated":true}]}}