{"id":8419,"date":"2025-03-18T10:43:49","date_gmt":"2025-03-18T09:43:49","guid":{"rendered":"https:\/\/www.addprofile.se\/kffs\/?post_type=product&#038;p=8419"},"modified":"2025-04-15T09:28:55","modified_gmt":"2025-04-15T07:28:55","slug":"kids-zip-hoodie-yellow","status":"publish","type":"product","link":"https:\/\/www.addprofile.se\/kffs\/produkt\/kids-zip-hoodie-yellow\/","title":{"rendered":"Kids Zip Hoodie Yellow"},"content":{"rendered":"<p><strong data-start=\"445\" data-end=\"496\">Tjock och h\u00e5llbar hoodie med dragkedja f\u00f6r barn<\/strong><br data-start=\"496\" data-end=\"499\" \/>En bekv\u00e4m och slitstark hoodie med dragkedja i ekologisk Fairtrade-bomull (300 g\/m\u00b2) med k\u00e4ngurufickor och YKK-dragkedja fram. Elastanrib vid \u00e4rmslut och midja ger bra passform, och den borstade insidan ger extra mjukhet och komfort. En hoodie som h\u00e5ller f\u00f6r b\u00e5de skola och fritid!<\/p>\n<p><a href=\"https:\/\/www.addprofile.se\/kffs\/certifikat\/\"><img loading=\"lazy\" decoding=\"async\" class=\"alignnone size-medium wp-image-2209\" src=\"https:\/\/www.addprofile.se\/kffs\/wp-content\/uploads\/sites\/5\/2025\/03\/Skarmbild-2025-03-17-084154-300x85.png\" alt=\"\" width=\"300\" height=\"85\" srcset=\"https:\/\/www.addprofile.se\/kffs\/wp-content\/uploads\/sites\/5\/2025\/03\/Skarmbild-2025-03-17-084154-300x85.png 300w, https:\/\/www.addprofile.se\/kffs\/wp-content\/uploads\/sites\/5\/2025\/03\/Skarmbild-2025-03-17-084154-324x92.png 324w, https:\/\/www.addprofile.se\/kffs\/wp-content\/uploads\/sites\/5\/2025\/03\/Skarmbild-2025-03-17-084154-416x118.png 416w, https:\/\/www.addprofile.se\/kffs\/wp-content\/uploads\/sites\/5\/2025\/03\/Skarmbild-2025-03-17-084154.png 515w\" sizes=\"(max-width: 300px) 100vw, 300px\" \/><\/a><\/p>\n","protected":false},"excerpt":{"rendered":"<p><strong data-start=\"445\" data-end=\"496\">Tjock och h\u00e5llbar hoodie med dragkedja f\u00f6r barn<\/strong><br data-start=\"496\" data-end=\"499\" \/>En bekv\u00e4m och slitstark hoodie med dragkedja i ekologisk Fairtrade-bomull (300 g\/m\u00b2) med k\u00e4ngurufickor och YKK-dragkedja fram. Elastanrib vid \u00e4rmslut och midja ger bra passform, och den borstade insidan ger extra mjukhet och komfort. En hoodie som h\u00e5ller f\u00f6r b\u00e5de skola och fritid!<\/p>\n<p><a href=\"https:\/\/www.addprofile.se\/kffs\/certifikat\/\"><img loading=\"lazy\" decoding=\"async\" class=\"alignnone size-medium wp-image-2209\" src=\"https:\/\/www.addprofile.se\/kffs\/wp-content\/uploads\/sites\/5\/2025\/03\/Skarmbild-2025-03-17-084154-300x85.png\" alt=\"\" width=\"300\" height=\"85\" srcset=\"https:\/\/www.addprofile.se\/kffs\/wp-content\/uploads\/sites\/5\/2025\/03\/Skarmbild-2025-03-17-084154-300x85.png 300w, https:\/\/www.addprofile.se\/kffs\/wp-content\/uploads\/sites\/5\/2025\/03\/Skarmbild-2025-03-17-084154-324x92.png 324w, https:\/\/www.addprofile.se\/kffs\/wp-content\/uploads\/sites\/5\/2025\/03\/Skarmbild-2025-03-17-084154-416x118.png 416w, https:\/\/www.addprofile.se\/kffs\/wp-content\/uploads\/sites\/5\/2025\/03\/Skarmbild-2025-03-17-084154.png 515w\" sizes=\"(max-width: 300px) 100vw, 300px\" \/><\/a><\/p>\n","protected":false},"featured_media":8781,"comment_status":"open","ping_status":"closed","template":"","meta":[],"product_cat":[15,50,65,62],"product_tag":[],"_links":{"self":[{"href":"https:\/\/www.addprofile.se\/kffs\/wp-json\/wp\/v2\/product\/8419"}],"collection":[{"href":"https:\/\/www.addprofile.se\/kffs\/wp-json\/wp\/v2\/product"}],"about":[{"href":"https:\/\/www.addprofile.se\/kffs\/wp-json\/wp\/v2\/types\/product"}],"replies":[{"embeddable":true,"href":"https:\/\/www.addprofile.se\/kffs\/wp-json\/wp\/v2\/comments?post=8419"}],"wp:featuredmedia":[{"embeddable":true,"href":"https:\/\/www.addprofile.se\/kffs\/wp-json\/wp\/v2\/media\/8781"}],"wp:attachment":[{"href":"https:\/\/www.addprofile.se\/kffs\/wp-json\/wp\/v2\/media?parent=8419"}],"wp:term":[{"taxonomy":"product_cat","embeddable":true,"href":"https:\/\/www.addprofile.se\/kffs\/wp-json\/wp\/v2\/product_cat?post=8419"},{"taxonomy":"product_tag","embeddable":true,"href":"https:\/\/www.addprofile.se\/kffs\/wp-json\/wp\/v2\/product_tag?post=8419"}],"curies":[{"name":"wp","href":"https:\/\/api.w.org\/{rel}","templated":true}]}}